{"id":74,"date":"2023-06-23T11:45:57","date_gmt":"2023-06-23T09:45:57","guid":{"rendered":"https:\/\/schmusekadser.de\/?page_id=74"},"modified":"2025-05-05T19:36:54","modified_gmt":"2025-05-05T19:36:54","slug":"wohnen-kuechen","status":"publish","type":"page","link":"https:\/\/zeit-fuer-stein.de\/index.php\/unsere-projekte\/wohnen-kuechen\/","title":{"rendered":"Wohnen | K\u00fcchen"},"content":{"rendered":"<p>Stilvolle Fliesen f\u00fcr K\u00fcchen, Wohn-, Schlaf- und Arbeitszimmer &#8211; \u00c4sthetik trifft Funktionalit\u00e4t.<\/p>\n<p>&nbsp;<\/p>\n<p><a href=\"https:\/\/zeit-fuer-stein.de\/wp-content\/uploads\/2025\/05\/PAP_SOL_60X120_T0525-3_BED_001-HR_1080x1080.jpg\"><img loading=\"lazy\" decoding=\"async\" class=\"alignnone size-medium wp-image-588\" src=\"https:\/\/zeit-fuer-stein.de\/wp-content\/uploads\/2025\/05\/PAP_SOL_60X120_T0525-3_BED_001-HR_1080x1080-300x300.jpg\" alt=\"\" width=\"300\" height=\"300\" srcset=\"https:\/\/zeit-fuer-stein.de\/wp-content\/uploads\/2025\/05\/PAP_SOL_60X120_T0525-3_BED_001-HR_1080x1080-300x300.jpg 300w, https:\/\/zeit-fuer-stein.de\/wp-content\/uploads\/2025\/05\/PAP_SOL_60X120_T0525-3_BED_001-HR_1080x1080-1024x1024.jpg 1024w, https:\/\/zeit-fuer-stein.de\/wp-content\/uploads\/2025\/05\/PAP_SOL_60X120_T0525-3_BED_001-HR_1080x1080-150x150.jpg 150w, https:\/\/zeit-fuer-stein.de\/wp-content\/uploads\/2025\/05\/PAP_SOL_60X120_T0525-3_BED_001-HR_1080x1080.jpg 1080w\" sizes=\"auto, (max-width: 300px) 100vw, 300px\" \/> <\/a><a href=\"https:\/\/zeit-fuer-stein.de\/wp-content\/uploads\/2025\/05\/T0312-3_80X80_T0312-1_T1023-14_KTC_001-HR_1080x1080.jpg\"><img loading=\"lazy\" decoding=\"async\" class=\"alignnone size-medium wp-image-589\" src=\"https:\/\/zeit-fuer-stein.de\/wp-content\/uploads\/2025\/05\/T0312-3_80X80_T0312-1_T1023-14_KTC_001-HR_1080x1080-234x300.jpg\" alt=\"\" width=\"234\" height=\"300\" srcset=\"https:\/\/zeit-fuer-stein.de\/wp-content\/uploads\/2025\/05\/T0312-3_80X80_T0312-1_T1023-14_KTC_001-HR_1080x1080-234x300.jpg 234w, https:\/\/zeit-fuer-stein.de\/wp-content\/uploads\/2025\/05\/T0312-3_80X80_T0312-1_T1023-14_KTC_001-HR_1080x1080-797x1024.jpg 797w, https:\/\/zeit-fuer-stein.de\/wp-content\/uploads\/2025\/05\/T0312-3_80X80_T0312-1_T1023-14_KTC_001-HR_1080x1080.jpg 841w\" sizes=\"auto, (max-width: 234px) 100vw, 234px\" \/> <\/a><a href=\"https:\/\/zeit-fuer-stein.de\/wp-content\/uploads\/2025\/05\/T0312-3_120X278_BED_001-HR_1080x1080.jpg\"><img loading=\"lazy\" decoding=\"async\" class=\"alignnone size-medium wp-image-590\" src=\"https:\/\/zeit-fuer-stein.de\/wp-content\/uploads\/2025\/05\/T0312-3_120X278_BED_001-HR_1080x1080-233x300.jpg\" alt=\"\" width=\"233\" height=\"300\" srcset=\"https:\/\/zeit-fuer-stein.de\/wp-content\/uploads\/2025\/05\/T0312-3_120X278_BED_001-HR_1080x1080-233x300.jpg 233w, https:\/\/zeit-fuer-stein.de\/wp-content\/uploads\/2025\/05\/T0312-3_120X278_BED_001-HR_1080x1080-796x1024.jpg 796w, https:\/\/zeit-fuer-stein.de\/wp-content\/uploads\/2025\/05\/T0312-3_120X278_BED_001-HR_1080x1080.jpg 840w\" sizes=\"auto, (max-width: 233px) 100vw, 233px\" \/> <\/a><a href=\"https:\/\/zeit-fuer-stein.de\/wp-content\/uploads\/2025\/05\/T0312-5_120X278_T1016-4_LVN_001-HR_1080x1080.jpg\"><img loading=\"lazy\" decoding=\"async\" class=\"alignnone size-medium wp-image-592\" src=\"https:\/\/zeit-fuer-stein.de\/wp-content\/uploads\/2025\/05\/T0312-5_120X278_T1016-4_LVN_001-HR_1080x1080-234x300.jpg\" alt=\"\" width=\"234\" height=\"300\" srcset=\"https:\/\/zeit-fuer-stein.de\/wp-content\/uploads\/2025\/05\/T0312-5_120X278_T1016-4_LVN_001-HR_1080x1080-234x300.jpg 234w, https:\/\/zeit-fuer-stein.de\/wp-content\/uploads\/2025\/05\/T0312-5_120X278_T1016-4_LVN_001-HR_1080x1080-797x1024.jpg 797w, https:\/\/zeit-fuer-stein.de\/wp-content\/uploads\/2025\/05\/T0312-5_120X278_T1016-4_LVN_001-HR_1080x1080.jpg 841w\" sizes=\"auto, (max-width: 234px) 100vw, 234px\" \/><\/a><br \/>\n<a href=\"https:\/\/zeit-fuer-stein.de\/wp-content\/uploads\/2025\/05\/T0703-3_120X120_T0703-1-KTC_001-HR_1080x1080.jpg\"><img loading=\"lazy\" decoding=\"async\" class=\"alignnone size-medium wp-image-593\" src=\"https:\/\/zeit-fuer-stein.de\/wp-content\/uploads\/2025\/05\/T0703-3_120X120_T0703-1-KTC_001-HR_1080x1080-220x300.jpg\" alt=\"\" width=\"220\" height=\"300\" srcset=\"https:\/\/zeit-fuer-stein.de\/wp-content\/uploads\/2025\/05\/T0703-3_120X120_T0703-1-KTC_001-HR_1080x1080-220x300.jpg 220w, https:\/\/zeit-fuer-stein.de\/wp-content\/uploads\/2025\/05\/T0703-3_120X120_T0703-1-KTC_001-HR_1080x1080-751x1024.jpg 751w, https:\/\/zeit-fuer-stein.de\/wp-content\/uploads\/2025\/05\/T0703-3_120X120_T0703-1-KTC_001-HR_1080x1080.jpg 792w\" sizes=\"auto, (max-width: 220px) 100vw, 220px\" \/> <\/a><a href=\"https:\/\/zeit-fuer-stein.de\/wp-content\/uploads\/2025\/05\/T0703-8_40X80_BED_001-HR-P1_1080x1080.jpg\"><img loading=\"lazy\" decoding=\"async\" class=\"alignnone size-medium wp-image-594\" src=\"https:\/\/zeit-fuer-stein.de\/wp-content\/uploads\/2025\/05\/T0703-8_40X80_BED_001-HR-P1_1080x1080-212x300.jpg\" alt=\"\" width=\"212\" height=\"300\" srcset=\"https:\/\/zeit-fuer-stein.de\/wp-content\/uploads\/2025\/05\/T0703-8_40X80_BED_001-HR-P1_1080x1080-212x300.jpg 212w, https:\/\/zeit-fuer-stein.de\/wp-content\/uploads\/2025\/05\/T0703-8_40X80_BED_001-HR-P1_1080x1080-724x1024.jpg 724w, https:\/\/zeit-fuer-stein.de\/wp-content\/uploads\/2025\/05\/T0703-8_40X80_BED_001-HR-P1_1080x1080.jpg 764w\" sizes=\"auto, (max-width: 212px) 100vw, 212px\" \/> <\/a><a href=\"https:\/\/zeit-fuer-stein.de\/wp-content\/uploads\/2025\/05\/T1016-3_20X120_T1818-2_001-HR_1080x1080.jpg\"><img loading=\"lazy\" decoding=\"async\" class=\"alignnone size-medium wp-image-595\" src=\"https:\/\/zeit-fuer-stein.de\/wp-content\/uploads\/2025\/05\/T1016-3_20X120_T1818-2_001-HR_1080x1080-234x300.jpg\" alt=\"\" width=\"234\" height=\"300\" srcset=\"https:\/\/zeit-fuer-stein.de\/wp-content\/uploads\/2025\/05\/T1016-3_20X120_T1818-2_001-HR_1080x1080-234x300.jpg 234w, https:\/\/zeit-fuer-stein.de\/wp-content\/uploads\/2025\/05\/T1016-3_20X120_T1818-2_001-HR_1080x1080-797x1024.jpg 797w, https:\/\/zeit-fuer-stein.de\/wp-content\/uploads\/2025\/05\/T1016-3_20X120_T1818-2_001-HR_1080x1080.jpg 841w\" sizes=\"auto, (max-width: 234px) 100vw, 234px\" \/> <\/a><a href=\"https:\/\/zeit-fuer-stein.de\/wp-content\/uploads\/2025\/05\/T1016-5_30X240_LVN_001-HR-P02_1080x1080.jpg\"><img loading=\"lazy\" decoding=\"async\" class=\"alignnone size-medium wp-image-596\" src=\"https:\/\/zeit-fuer-stein.de\/wp-content\/uploads\/2025\/05\/T1016-5_30X240_LVN_001-HR-P02_1080x1080-234x300.jpg\" alt=\"\" width=\"234\" height=\"300\" srcset=\"https:\/\/zeit-fuer-stein.de\/wp-content\/uploads\/2025\/05\/T1016-5_30X240_LVN_001-HR-P02_1080x1080-234x300.jpg 234w, https:\/\/zeit-fuer-stein.de\/wp-content\/uploads\/2025\/05\/T1016-5_30X240_LVN_001-HR-P02_1080x1080-797x1024.jpg 797w, https:\/\/zeit-fuer-stein.de\/wp-content\/uploads\/2025\/05\/T1016-5_30X240_LVN_001-HR-P02_1080x1080.jpg 841w\" sizes=\"auto, (max-width: 234px) 100vw, 234px\" \/><\/a><br \/>\n<a href=\"https:\/\/zeit-fuer-stein.de\/wp-content\/uploads\/2025\/05\/T1225-7_60X120_T1225-5_LVN_001-HR_1080x1080.jpg\"><img loading=\"lazy\" decoding=\"async\" class=\"alignnone size-medium wp-image-597\" src=\"https:\/\/zeit-fuer-stein.de\/wp-content\/uploads\/2025\/05\/T1225-7_60X120_T1225-5_LVN_001-HR_1080x1080-234x300.jpg\" alt=\"\" width=\"234\" height=\"300\" srcset=\"https:\/\/zeit-fuer-stein.de\/wp-content\/uploads\/2025\/05\/T1225-7_60X120_T1225-5_LVN_001-HR_1080x1080-234x300.jpg 234w, https:\/\/zeit-fuer-stein.de\/wp-content\/uploads\/2025\/05\/T1225-7_60X120_T1225-5_LVN_001-HR_1080x1080-797x1024.jpg 797w, https:\/\/zeit-fuer-stein.de\/wp-content\/uploads\/2025\/05\/T1225-7_60X120_T1225-5_LVN_001-HR_1080x1080.jpg 841w\" sizes=\"auto, (max-width: 234px) 100vw, 234px\" \/> <\/a><a href=\"https:\/\/zeit-fuer-stein.de\/wp-content\/uploads\/2025\/05\/T1225-9_15X60_SLF_001-HR_1080x1080.jpg\"><img loading=\"lazy\" decoding=\"async\" class=\"alignnone size-medium wp-image-598\" src=\"https:\/\/zeit-fuer-stein.de\/wp-content\/uploads\/2025\/05\/T1225-9_15X60_SLF_001-HR_1080x1080-233x300.jpg\" alt=\"\" width=\"233\" height=\"300\" srcset=\"https:\/\/zeit-fuer-stein.de\/wp-content\/uploads\/2025\/05\/T1225-9_15X60_SLF_001-HR_1080x1080-233x300.jpg 233w, https:\/\/zeit-fuer-stein.de\/wp-content\/uploads\/2025\/05\/T1225-9_15X60_SLF_001-HR_1080x1080-796x1024.jpg 796w, https:\/\/zeit-fuer-stein.de\/wp-content\/uploads\/2025\/05\/T1225-9_15X60_SLF_001-HR_1080x1080.jpg 840w\" sizes=\"auto, (max-width: 233px) 100vw, 233px\" \/> <\/a><a href=\"https:\/\/zeit-fuer-stein.de\/wp-content\/uploads\/2025\/05\/T1304-1_30X45_KTC_001-HR_1080x1080.jpg\"><img loading=\"lazy\" decoding=\"async\" class=\"alignnone size-medium wp-image-599\" src=\"https:\/\/zeit-fuer-stein.de\/wp-content\/uploads\/2025\/05\/T1304-1_30X45_KTC_001-HR_1080x1080-233x300.jpg\" alt=\"\" width=\"233\" height=\"300\" srcset=\"https:\/\/zeit-fuer-stein.de\/wp-content\/uploads\/2025\/05\/T1304-1_30X45_KTC_001-HR_1080x1080-233x300.jpg 233w, https:\/\/zeit-fuer-stein.de\/wp-content\/uploads\/2025\/05\/T1304-1_30X45_KTC_001-HR_1080x1080-796x1024.jpg 796w, https:\/\/zeit-fuer-stein.de\/wp-content\/uploads\/2025\/05\/T1304-1_30X45_KTC_001-HR_1080x1080.jpg 840w\" sizes=\"auto, (max-width: 233px) 100vw, 233px\" \/> <\/a><a href=\"https:\/\/zeit-fuer-stein.de\/wp-content\/uploads\/2025\/05\/T1425-1_120X120_BED_001-HR-P02_1080x1080.jpg\"><img loading=\"lazy\" decoding=\"async\" class=\"alignnone size-medium wp-image-600\" src=\"https:\/\/zeit-fuer-stein.de\/wp-content\/uploads\/2025\/05\/T1425-1_120X120_BED_001-HR-P02_1080x1080-233x300.jpg\" alt=\"\" width=\"233\" height=\"300\" srcset=\"https:\/\/zeit-fuer-stein.de\/wp-content\/uploads\/2025\/05\/T1425-1_120X120_BED_001-HR-P02_1080x1080-233x300.jpg 233w, https:\/\/zeit-fuer-stein.de\/wp-content\/uploads\/2025\/05\/T1425-1_120X120_BED_001-HR-P02_1080x1080-796x1024.jpg 796w, https:\/\/zeit-fuer-stein.de\/wp-content\/uploads\/2025\/05\/T1425-1_120X120_BED_001-HR-P02_1080x1080.jpg 840w\" sizes=\"auto, (max-width: 233px) 100vw, 233px\" \/><\/a><br \/>\n<a href=\"https:\/\/zeit-fuer-stein.de\/wp-content\/uploads\/2025\/05\/T1425-5_120X120_T1818-6_LVN_001-HR-P01_1080x1080.jpg\"><img loading=\"lazy\" decoding=\"async\" class=\"alignnone size-medium wp-image-601\" src=\"https:\/\/zeit-fuer-stein.de\/wp-content\/uploads\/2025\/05\/T1425-5_120X120_T1818-6_LVN_001-HR-P01_1080x1080-225x300.jpg\" alt=\"\" width=\"225\" height=\"300\" srcset=\"https:\/\/zeit-fuer-stein.de\/wp-content\/uploads\/2025\/05\/T1425-5_120X120_T1818-6_LVN_001-HR-P01_1080x1080-225x300.jpg 225w, https:\/\/zeit-fuer-stein.de\/wp-content\/uploads\/2025\/05\/T1425-5_120X120_T1818-6_LVN_001-HR-P01_1080x1080-768x1024.jpg 768w, https:\/\/zeit-fuer-stein.de\/wp-content\/uploads\/2025\/05\/T1425-5_120X120_T1818-6_LVN_001-HR-P01_1080x1080.jpg 810w\" sizes=\"auto, (max-width: 225px) 100vw, 225px\" \/> <\/a><a href=\"https:\/\/zeit-fuer-stein.de\/wp-content\/uploads\/2025\/05\/T1521-7_Positano_KTC_HR-001_1080x1080.jpg\"><img loading=\"lazy\" decoding=\"async\" class=\"alignnone size-medium wp-image-602\" src=\"https:\/\/zeit-fuer-stein.de\/wp-content\/uploads\/2025\/05\/T1521-7_Positano_KTC_HR-001_1080x1080-233x300.jpg\" alt=\"\" width=\"233\" height=\"300\" srcset=\"https:\/\/zeit-fuer-stein.de\/wp-content\/uploads\/2025\/05\/T1521-7_Positano_KTC_HR-001_1080x1080-233x300.jpg 233w, https:\/\/zeit-fuer-stein.de\/wp-content\/uploads\/2025\/05\/T1521-7_Positano_KTC_HR-001_1080x1080-796x1024.jpg 796w, https:\/\/zeit-fuer-stein.de\/wp-content\/uploads\/2025\/05\/T1521-7_Positano_KTC_HR-001_1080x1080.jpg 840w\" sizes=\"auto, (max-width: 233px) 100vw, 233px\" \/> <\/a><a href=\"https:\/\/zeit-fuer-stein.de\/wp-content\/uploads\/2025\/05\/T1718-1_60X60_STD_001-HR-P01_1080x1080.jpg\"><img loading=\"lazy\" decoding=\"async\" class=\"alignnone size-medium wp-image-603\" src=\"https:\/\/zeit-fuer-stein.de\/wp-content\/uploads\/2025\/05\/T1718-1_60X60_STD_001-HR-P01_1080x1080-200x300.jpg\" alt=\"\" width=\"200\" height=\"300\" srcset=\"https:\/\/zeit-fuer-stein.de\/wp-content\/uploads\/2025\/05\/T1718-1_60X60_STD_001-HR-P01_1080x1080-200x300.jpg 200w, https:\/\/zeit-fuer-stein.de\/wp-content\/uploads\/2025\/05\/T1718-1_60X60_STD_001-HR-P01_1080x1080-683x1024.jpg 683w, https:\/\/zeit-fuer-stein.de\/wp-content\/uploads\/2025\/05\/T1718-1_60X60_STD_001-HR-P01_1080x1080.jpg 720w\" sizes=\"auto, (max-width: 200px) 100vw, 200px\" \/> <\/a><a href=\"https:\/\/zeit-fuer-stein.de\/wp-content\/uploads\/2025\/05\/T1818-1-erings-2013-collection-ceramics-design-03-1024x1024-1.jpg\"><img loading=\"lazy\" decoding=\"async\" class=\"alignnone size-medium wp-image-587\" src=\"https:\/\/zeit-fuer-stein.de\/wp-content\/uploads\/2025\/05\/T1818-1-erings-2013-collection-ceramics-design-03-1024x1024-1-300x300.jpg\" alt=\"\" width=\"300\" height=\"300\" srcset=\"https:\/\/zeit-fuer-stein.de\/wp-content\/uploads\/2025\/05\/T1818-1-erings-2013-collection-ceramics-design-03-1024x1024-1-300x300.jpg 300w, https:\/\/zeit-fuer-stein.de\/wp-content\/uploads\/2025\/05\/T1818-1-erings-2013-collection-ceramics-design-03-1024x1024-1-150x150.jpg 150w, https:\/\/zeit-fuer-stein.de\/wp-content\/uploads\/2025\/05\/T1818-1-erings-2013-collection-ceramics-design-03-1024x1024-1.jpg 1024w\" sizes=\"auto, (max-width: 300px) 100vw, 300px\" \/><\/a><br \/>\n<a href=\"https:\/\/zeit-fuer-stein.de\/wp-content\/uploads\/2025\/05\/T1818-4_60X120_LVN_001-HR-P01_1080x1080.jpg\"><img loading=\"lazy\" decoding=\"async\" class=\"alignnone size-medium wp-image-604\" src=\"https:\/\/zeit-fuer-stein.de\/wp-content\/uploads\/2025\/05\/T1818-4_60X120_LVN_001-HR-P01_1080x1080-223x300.jpg\" alt=\"\" width=\"223\" height=\"300\" srcset=\"https:\/\/zeit-fuer-stein.de\/wp-content\/uploads\/2025\/05\/T1818-4_60X120_LVN_001-HR-P01_1080x1080-223x300.jpg 223w, https:\/\/zeit-fuer-stein.de\/wp-content\/uploads\/2025\/05\/T1818-4_60X120_LVN_001-HR-P01_1080x1080-762x1024.jpg 762w, https:\/\/zeit-fuer-stein.de\/wp-content\/uploads\/2025\/05\/T1818-4_60X120_LVN_001-HR-P01_1080x1080.jpg 804w\" sizes=\"auto, (max-width: 223px) 100vw, 223px\" \/> <\/a><a href=\"https:\/\/zeit-fuer-stein.de\/wp-content\/uploads\/2025\/05\/T2222-8_80X80_T2222-2_BED_001-HR_1080x1080.jpg\"><img loading=\"lazy\" decoding=\"async\" class=\"alignnone size-medium wp-image-605\" src=\"https:\/\/zeit-fuer-stein.de\/wp-content\/uploads\/2025\/05\/T2222-8_80X80_T2222-2_BED_001-HR_1080x1080-233x300.jpg\" alt=\"\" width=\"233\" height=\"300\" srcset=\"https:\/\/zeit-fuer-stein.de\/wp-content\/uploads\/2025\/05\/T2222-8_80X80_T2222-2_BED_001-HR_1080x1080-233x300.jpg 233w, https:\/\/zeit-fuer-stein.de\/wp-content\/uploads\/2025\/05\/T2222-8_80X80_T2222-2_BED_001-HR_1080x1080-796x1024.jpg 796w, https:\/\/zeit-fuer-stein.de\/wp-content\/uploads\/2025\/05\/T2222-8_80X80_T2222-2_BED_001-HR_1080x1080.jpg 840w\" sizes=\"auto, (max-width: 233px) 100vw, 233px\" \/> <\/a><a href=\"https:\/\/zeit-fuer-stein.de\/wp-content\/uploads\/2025\/05\/T1818-2_60X120_T0703-20_KTC_001-HR-P02_1080x1080.jpg\"><img loading=\"lazy\" decoding=\"async\" class=\"alignnone size-medium wp-image-606\" src=\"https:\/\/zeit-fuer-stein.de\/wp-content\/uploads\/2025\/05\/T1818-2_60X120_T0703-20_KTC_001-HR-P02_1080x1080-300x271.jpg\" alt=\"\" width=\"300\" height=\"271\" srcset=\"https:\/\/zeit-fuer-stein.de\/wp-content\/uploads\/2025\/05\/T1818-2_60X120_T0703-20_KTC_001-HR-P02_1080x1080-300x271.jpg 300w, https:\/\/zeit-fuer-stein.de\/wp-content\/uploads\/2025\/05\/T1818-2_60X120_T0703-20_KTC_001-HR-P02_1080x1080-1024x926.jpg 1024w, https:\/\/zeit-fuer-stein.de\/wp-content\/uploads\/2025\/05\/T1818-2_60X120_T0703-20_KTC_001-HR-P02_1080x1080.jpg 1080w\" sizes=\"auto, (max-width: 300px) 100vw, 300px\" \/> <\/a><a href=\"https:\/\/zeit-fuer-stein.de\/wp-content\/uploads\/2025\/05\/T1225-5_60X120_T1016-3_BED_001-HR_1080x1080.jpg\"><img loading=\"lazy\" decoding=\"async\" class=\"alignnone size-medium wp-image-607\" src=\"https:\/\/zeit-fuer-stein.de\/wp-content\/uploads\/2025\/05\/T1225-5_60X120_T1016-3_BED_001-HR_1080x1080-300x290.jpg\" alt=\"\" width=\"300\" height=\"290\" srcset=\"https:\/\/zeit-fuer-stein.de\/wp-content\/uploads\/2025\/05\/T1225-5_60X120_T1016-3_BED_001-HR_1080x1080-300x290.jpg 300w, https:\/\/zeit-fuer-stein.de\/wp-content\/uploads\/2025\/05\/T1225-5_60X120_T1016-3_BED_001-HR_1080x1080-1024x989.jpg 1024w, https:\/\/zeit-fuer-stein.de\/wp-content\/uploads\/2025\/05\/T1225-5_60X120_T1016-3_BED_001-HR_1080x1080.jpg 1080w\" sizes=\"auto, (max-width: 300px) 100vw, 300px\" \/><\/a><br \/>\n<a href=\"https:\/\/zeit-fuer-stein.de\/wp-content\/uploads\/2025\/05\/T1101-5_20X120_LVN_001-HR-COVER_1080x1080.jpg\"><img loading=\"lazy\" decoding=\"async\" class=\"alignnone size-medium wp-image-608\" src=\"https:\/\/zeit-fuer-stein.de\/wp-content\/uploads\/2025\/05\/T1101-5_20X120_LVN_001-HR-COVER_1080x1080-300x225.jpg\" alt=\"\" width=\"300\" height=\"225\" srcset=\"https:\/\/zeit-fuer-stein.de\/wp-content\/uploads\/2025\/05\/T1101-5_20X120_LVN_001-HR-COVER_1080x1080-300x225.jpg 300w, https:\/\/zeit-fuer-stein.de\/wp-content\/uploads\/2025\/05\/T1101-5_20X120_LVN_001-HR-COVER_1080x1080-1024x768.jpg 1024w, https:\/\/zeit-fuer-stein.de\/wp-content\/uploads\/2025\/05\/T1101-5_20X120_LVN_001-HR-COVER_1080x1080.jpg 1080w\" sizes=\"auto, (max-width: 300px) 100vw, 300px\" \/> <\/a><a href=\"https:\/\/zeit-fuer-stein.de\/wp-content\/uploads\/2025\/05\/T0525-5_80X80_T1818-9_BED_001-HR_1080x1080.jpg\"><img loading=\"lazy\" decoding=\"async\" class=\"alignnone size-medium wp-image-609\" src=\"https:\/\/zeit-fuer-stein.de\/wp-content\/uploads\/2025\/05\/T0525-5_80X80_T1818-9_BED_001-HR_1080x1080-300x193.jpg\" alt=\"\" width=\"300\" height=\"193\" srcset=\"https:\/\/zeit-fuer-stein.de\/wp-content\/uploads\/2025\/05\/T0525-5_80X80_T1818-9_BED_001-HR_1080x1080-300x193.jpg 300w, https:\/\/zeit-fuer-stein.de\/wp-content\/uploads\/2025\/05\/T0525-5_80X80_T1818-9_BED_001-HR_1080x1080-1024x658.jpg 1024w, https:\/\/zeit-fuer-stein.de\/wp-content\/uploads\/2025\/05\/T0525-5_80X80_T1818-9_BED_001-HR_1080x1080.jpg 1080w\" sizes=\"auto, (max-width: 300px) 100vw, 300px\" \/> <\/a><a href=\"https:\/\/zeit-fuer-stein.de\/wp-content\/uploads\/2025\/05\/T1815-12_60X120_LVN_001-HR_1080x1080.jpg\"><img loading=\"lazy\" decoding=\"async\" class=\"alignnone size-medium wp-image-610\" src=\"https:\/\/zeit-fuer-stein.de\/wp-content\/uploads\/2025\/05\/T1815-12_60X120_LVN_001-HR_1080x1080-300x193.jpg\" alt=\"\" width=\"300\" height=\"193\" srcset=\"https:\/\/zeit-fuer-stein.de\/wp-content\/uploads\/2025\/05\/T1815-12_60X120_LVN_001-HR_1080x1080-300x193.jpg 300w, https:\/\/zeit-fuer-stein.de\/wp-content\/uploads\/2025\/05\/T1815-12_60X120_LVN_001-HR_1080x1080-1024x659.jpg 1024w, https:\/\/zeit-fuer-stein.de\/wp-content\/uploads\/2025\/05\/T1815-12_60X120_LVN_001-HR_1080x1080.jpg 1080w\" sizes=\"auto, (max-width: 300px) 100vw, 300px\" \/> <\/a><a href=\"https:\/\/zeit-fuer-stein.de\/wp-content\/uploads\/2025\/05\/T1819-2_60X120_LVN_001-HR_1080x1080.jpg\"><img loading=\"lazy\" decoding=\"async\" class=\"alignnone size-medium wp-image-611\" src=\"https:\/\/zeit-fuer-stein.de\/wp-content\/uploads\/2025\/05\/T1819-2_60X120_LVN_001-HR_1080x1080-300x193.jpg\" alt=\"\" width=\"300\" height=\"193\" srcset=\"https:\/\/zeit-fuer-stein.de\/wp-content\/uploads\/2025\/05\/T1819-2_60X120_LVN_001-HR_1080x1080-300x193.jpg 300w, https:\/\/zeit-fuer-stein.de\/wp-content\/uploads\/2025\/05\/T1819-2_60X120_LVN_001-HR_1080x1080-1024x659.jpg 1024w, https:\/\/zeit-fuer-stein.de\/wp-content\/uploads\/2025\/05\/T1819-2_60X120_LVN_001-HR_1080x1080.jpg 1080w\" sizes=\"auto, (max-width: 300px) 100vw, 300px\" \/> <\/a><a href=\"https:\/\/zeit-fuer-stein.de\/wp-content\/uploads\/2025\/05\/T0312-1_120X120_LVN_001-HR_1080x1080.jpg\"><img loading=\"lazy\" decoding=\"async\" class=\"alignnone size-medium wp-image-612\" src=\"https:\/\/zeit-fuer-stein.de\/wp-content\/uploads\/2025\/05\/T0312-1_120X120_LVN_001-HR_1080x1080-300x193.jpg\" alt=\"\" width=\"300\" height=\"193\" srcset=\"https:\/\/zeit-fuer-stein.de\/wp-content\/uploads\/2025\/05\/T0312-1_120X120_LVN_001-HR_1080x1080-300x193.jpg 300w, https:\/\/zeit-fuer-stein.de\/wp-content\/uploads\/2025\/05\/T0312-1_120X120_LVN_001-HR_1080x1080-1024x658.jpg 1024w, https:\/\/zeit-fuer-stein.de\/wp-content\/uploads\/2025\/05\/T0312-1_120X120_LVN_001-HR_1080x1080.jpg 1080w\" sizes=\"auto, (max-width: 300px) 100vw, 300px\" \/><\/a><\/p>\n","protected":false},"excerpt":{"rendered":"<p>Stilvolle Fliesen f\u00fcr K\u00fcchen, Wohn-, Schlaf- und Arbeitszimmer &#8211; \u00c4sthetik trifft Funktionalit\u00e4t. &nbsp;<\/p>\n","protected":false},"author":1,"featured_media":0,"parent":34,"menu_order":0,"comment_status":"closed","ping_status":"closed","template":"","meta":{"inspiro_hide_title":false,"footnotes":""},"class_list":["post-74","page","type-page","status-publish","hentry"],"_links":{"self":[{"href":"https:\/\/zeit-fuer-stein.de\/index.php\/wp-json\/wp\/v2\/pages\/74","targetHints":{"allow":["GET"]}}],"collection":[{"href":"https:\/\/zeit-fuer-stein.de\/index.php\/wp-json\/wp\/v2\/pages"}],"about":[{"href":"https:\/\/zeit-fuer-stein.de\/index.php\/wp-json\/wp\/v2\/types\/page"}],"author":[{"embeddable":true,"href":"https:\/\/zeit-fuer-stein.de\/index.php\/wp-json\/wp\/v2\/users\/1"}],"replies":[{"embeddable":true,"href":"https:\/\/zeit-fuer-stein.de\/index.php\/wp-json\/wp\/v2\/comments?post=74"}],"version-history":[{"count":6,"href":"https:\/\/zeit-fuer-stein.de\/index.php\/wp-json\/wp\/v2\/pages\/74\/revisions"}],"predecessor-version":[{"id":616,"href":"https:\/\/zeit-fuer-stein.de\/index.php\/wp-json\/wp\/v2\/pages\/74\/revisions\/616"}],"up":[{"embeddable":true,"href":"https:\/\/zeit-fuer-stein.de\/index.php\/wp-json\/wp\/v2\/pages\/34"}],"wp:attachment":[{"href":"https:\/\/zeit-fuer-stein.de\/index.php\/wp-json\/wp\/v2\/media?parent=74"}],"curies":[{"name":"wp","href":"https:\/\/api.w.org\/{rel}","templated":true}]}}