{"id":51,"date":"2023-06-23T11:05:25","date_gmt":"2023-06-23T09:05:25","guid":{"rendered":"https:\/\/schmusekadser.de\/?page_id=51"},"modified":"2025-05-05T19:39:56","modified_gmt":"2025-05-05T19:39:56","slug":"bad-xy","status":"publish","type":"page","link":"https:\/\/zeit-fuer-stein.de\/index.php\/unsere-projekte\/bad-xy\/","title":{"rendered":"Outdoor | Terassen | Pools"},"content":{"rendered":"<p>Robuste Eleganz f\u00fcr drau\u00dfen &#8211; Fliesen f\u00fcr Terassen, Pools und mehr.<\/p>\n<p><a href=\"https:\/\/zeit-fuer-stein.de\/wp-content\/uploads\/2025\/05\/T0312-7_80X80_T0312-2_OUT_001-HR_1080x1080.jpg\"><img loading=\"lazy\" decoding=\"async\" class=\"alignnone size-medium wp-image-559\" src=\"https:\/\/zeit-fuer-stein.de\/wp-content\/uploads\/2025\/05\/T0312-7_80X80_T0312-2_OUT_001-HR_1080x1080-234x300.jpg\" alt=\"\" width=\"234\" height=\"300\" srcset=\"https:\/\/zeit-fuer-stein.de\/wp-content\/uploads\/2025\/05\/T0312-7_80X80_T0312-2_OUT_001-HR_1080x1080-234x300.jpg 234w, https:\/\/zeit-fuer-stein.de\/wp-content\/uploads\/2025\/05\/T0312-7_80X80_T0312-2_OUT_001-HR_1080x1080-797x1024.jpg 797w, https:\/\/zeit-fuer-stein.de\/wp-content\/uploads\/2025\/05\/T0312-7_80X80_T0312-2_OUT_001-HR_1080x1080.jpg 841w\" sizes=\"auto, (max-width: 234px) 100vw, 234px\" \/> <\/a><a href=\"https:\/\/zeit-fuer-stein.de\/wp-content\/uploads\/2025\/05\/T0410-1_60x60_60x90_OUT_001-HR-P1_1080x1080.jpg\"><img loading=\"lazy\" decoding=\"async\" class=\"alignnone size-medium wp-image-560\" src=\"https:\/\/zeit-fuer-stein.de\/wp-content\/uploads\/2025\/05\/T0410-1_60x60_60x90_OUT_001-HR-P1_1080x1080-233x300.jpg\" alt=\"\" width=\"233\" height=\"300\" srcset=\"https:\/\/zeit-fuer-stein.de\/wp-content\/uploads\/2025\/05\/T0410-1_60x60_60x90_OUT_001-HR-P1_1080x1080-233x300.jpg 233w, https:\/\/zeit-fuer-stein.de\/wp-content\/uploads\/2025\/05\/T0410-1_60x60_60x90_OUT_001-HR-P1_1080x1080-796x1024.jpg 796w, https:\/\/zeit-fuer-stein.de\/wp-content\/uploads\/2025\/05\/T0410-1_60x60_60x90_OUT_001-HR-P1_1080x1080.jpg 840w\" sizes=\"auto, (max-width: 233px) 100vw, 233px\" \/> <\/a><a href=\"https:\/\/zeit-fuer-stein.de\/wp-content\/uploads\/2025\/05\/T0410-2_60x90_OUT_001-HR-P1_1080x1080.jpg\"><img loading=\"lazy\" decoding=\"async\" class=\"alignnone size-medium wp-image-561\" src=\"https:\/\/zeit-fuer-stein.de\/wp-content\/uploads\/2025\/05\/T0410-2_60x90_OUT_001-HR-P1_1080x1080-233x300.jpg\" alt=\"\" width=\"233\" height=\"300\" srcset=\"https:\/\/zeit-fuer-stein.de\/wp-content\/uploads\/2025\/05\/T0410-2_60x90_OUT_001-HR-P1_1080x1080-233x300.jpg 233w, https:\/\/zeit-fuer-stein.de\/wp-content\/uploads\/2025\/05\/T0410-2_60x90_OUT_001-HR-P1_1080x1080-796x1024.jpg 796w, https:\/\/zeit-fuer-stein.de\/wp-content\/uploads\/2025\/05\/T0410-2_60x90_OUT_001-HR-P1_1080x1080.jpg 840w\" sizes=\"auto, (max-width: 233px) 100vw, 233px\" \/> <\/a><a href=\"https:\/\/zeit-fuer-stein.de\/wp-content\/uploads\/2025\/05\/T0525-12_120X278_T1521-3_OUT_001-HR_1080x1080.jpg\"><img loading=\"lazy\" decoding=\"async\" class=\"alignnone size-medium wp-image-562\" src=\"https:\/\/zeit-fuer-stein.de\/wp-content\/uploads\/2025\/05\/T0525-12_120X278_T1521-3_OUT_001-HR_1080x1080-244x300.jpg\" alt=\"\" width=\"244\" height=\"300\" srcset=\"https:\/\/zeit-fuer-stein.de\/wp-content\/uploads\/2025\/05\/T0525-12_120X278_T1521-3_OUT_001-HR_1080x1080-244x300.jpg 244w, https:\/\/zeit-fuer-stein.de\/wp-content\/uploads\/2025\/05\/T0525-12_120X278_T1521-3_OUT_001-HR_1080x1080-834x1024.jpg 834w, https:\/\/zeit-fuer-stein.de\/wp-content\/uploads\/2025\/05\/T0525-12_120X278_T1521-3_OUT_001-HR_1080x1080.jpg 880w\" sizes=\"auto, (max-width: 244px) 100vw, 244px\" \/> <\/a><a href=\"https:\/\/zeit-fuer-stein.de\/wp-content\/uploads\/2025\/05\/T0525-15_60X60_2_OUT_001-HR-P01_1080x1080.jpg\"><img loading=\"lazy\" decoding=\"async\" class=\"alignnone size-medium wp-image-563\" src=\"https:\/\/zeit-fuer-stein.de\/wp-content\/uploads\/2025\/05\/T0525-15_60X60_2_OUT_001-HR-P01_1080x1080-229x300.jpg\" alt=\"\" width=\"229\" height=\"300\" srcset=\"https:\/\/zeit-fuer-stein.de\/wp-content\/uploads\/2025\/05\/T0525-15_60X60_2_OUT_001-HR-P01_1080x1080-229x300.jpg 229w, https:\/\/zeit-fuer-stein.de\/wp-content\/uploads\/2025\/05\/T0525-15_60X60_2_OUT_001-HR-P01_1080x1080-781x1024.jpg 781w, https:\/\/zeit-fuer-stein.de\/wp-content\/uploads\/2025\/05\/T0525-15_60X60_2_OUT_001-HR-P01_1080x1080.jpg 824w\" sizes=\"auto, (max-width: 229px) 100vw, 229px\" \/> <\/a><a href=\"https:\/\/zeit-fuer-stein.de\/wp-content\/uploads\/2025\/05\/T0703-2_80X80_OUT_001-HR_1080x1080.jpg\"><img loading=\"lazy\" decoding=\"async\" class=\"alignnone size-medium wp-image-564\" src=\"https:\/\/zeit-fuer-stein.de\/wp-content\/uploads\/2025\/05\/T0703-2_80X80_OUT_001-HR_1080x1080-211x300.jpg\" alt=\"\" width=\"211\" height=\"300\" srcset=\"https:\/\/zeit-fuer-stein.de\/wp-content\/uploads\/2025\/05\/T0703-2_80X80_OUT_001-HR_1080x1080-211x300.jpg 211w, https:\/\/zeit-fuer-stein.de\/wp-content\/uploads\/2025\/05\/T0703-2_80X80_OUT_001-HR_1080x1080-722x1024.jpg 722w, https:\/\/zeit-fuer-stein.de\/wp-content\/uploads\/2025\/05\/T0703-2_80X80_OUT_001-HR_1080x1080.jpg 761w\" sizes=\"auto, (max-width: 211px) 100vw, 211px\" \/> <\/a><a href=\"https:\/\/zeit-fuer-stein.de\/wp-content\/uploads\/2025\/05\/T1101-3_30X120_HTL_OUT_001-HR-P01_1080x1080.jpg\"><img loading=\"lazy\" decoding=\"async\" class=\"alignnone size-medium wp-image-566\" src=\"https:\/\/zeit-fuer-stein.de\/wp-content\/uploads\/2025\/05\/T1101-3_30X120_HTL_OUT_001-HR-P01_1080x1080-212x300.jpg\" alt=\"\" width=\"212\" height=\"300\" srcset=\"https:\/\/zeit-fuer-stein.de\/wp-content\/uploads\/2025\/05\/T1101-3_30X120_HTL_OUT_001-HR-P01_1080x1080-212x300.jpg 212w, https:\/\/zeit-fuer-stein.de\/wp-content\/uploads\/2025\/05\/T1101-3_30X120_HTL_OUT_001-HR-P01_1080x1080-724x1024.jpg 724w, https:\/\/zeit-fuer-stein.de\/wp-content\/uploads\/2025\/05\/T1101-3_30X120_HTL_OUT_001-HR-P01_1080x1080.jpg 764w\" sizes=\"auto, (max-width: 212px) 100vw, 212px\" \/> <\/a><a href=\"https:\/\/zeit-fuer-stein.de\/wp-content\/uploads\/2025\/05\/T1304-3_30X45_MT01_OUT_001-HR_1080x1080.jpg\"><img loading=\"lazy\" decoding=\"async\" class=\"alignnone size-medium wp-image-567\" src=\"https:\/\/zeit-fuer-stein.de\/wp-content\/uploads\/2025\/05\/T1304-3_30X45_MT01_OUT_001-HR_1080x1080-233x300.jpg\" alt=\"\" width=\"233\" height=\"300\" srcset=\"https:\/\/zeit-fuer-stein.de\/wp-content\/uploads\/2025\/05\/T1304-3_30X45_MT01_OUT_001-HR_1080x1080-233x300.jpg 233w, https:\/\/zeit-fuer-stein.de\/wp-content\/uploads\/2025\/05\/T1304-3_30X45_MT01_OUT_001-HR_1080x1080-796x1024.jpg 796w, https:\/\/zeit-fuer-stein.de\/wp-content\/uploads\/2025\/05\/T1304-3_30X45_MT01_OUT_001-HR_1080x1080.jpg 840w\" sizes=\"auto, (max-width: 233px) 100vw, 233px\" \/>\u00a0<\/a><\/p>\n<p><a href=\"https:\/\/zeit-fuer-stein.de\/wp-content\/uploads\/2025\/05\/T1320-6_60X120_OUT_001-HR-P02_1080x1080.jpg\"><img loading=\"lazy\" decoding=\"async\" class=\"alignnone size-medium wp-image-568\" src=\"https:\/\/zeit-fuer-stein.de\/wp-content\/uploads\/2025\/05\/T1320-6_60X120_OUT_001-HR-P02_1080x1080-233x300.jpg\" alt=\"\" width=\"233\" height=\"300\" srcset=\"https:\/\/zeit-fuer-stein.de\/wp-content\/uploads\/2025\/05\/T1320-6_60X120_OUT_001-HR-P02_1080x1080-233x300.jpg 233w, https:\/\/zeit-fuer-stein.de\/wp-content\/uploads\/2025\/05\/T1320-6_60X120_OUT_001-HR-P02_1080x1080-796x1024.jpg 796w, https:\/\/zeit-fuer-stein.de\/wp-content\/uploads\/2025\/05\/T1320-6_60X120_OUT_001-HR-P02_1080x1080.jpg 840w\" sizes=\"auto, (max-width: 233px) 100vw, 233px\" \/> <\/a><a href=\"https:\/\/zeit-fuer-stein.de\/wp-content\/uploads\/2025\/05\/T1401-1_300X1200_OUT_001-HR_1080x1080.jpg\"><img loading=\"lazy\" decoding=\"async\" class=\"alignnone size-medium wp-image-569\" src=\"https:\/\/zeit-fuer-stein.de\/wp-content\/uploads\/2025\/05\/T1401-1_300X1200_OUT_001-HR_1080x1080-225x300.jpg\" alt=\"\" width=\"225\" height=\"300\" srcset=\"https:\/\/zeit-fuer-stein.de\/wp-content\/uploads\/2025\/05\/T1401-1_300X1200_OUT_001-HR_1080x1080-225x300.jpg 225w, https:\/\/zeit-fuer-stein.de\/wp-content\/uploads\/2025\/05\/T1401-1_300X1200_OUT_001-HR_1080x1080-768x1024.jpg 768w, https:\/\/zeit-fuer-stein.de\/wp-content\/uploads\/2025\/05\/T1401-1_300X1200_OUT_001-HR_1080x1080.jpg 810w\" sizes=\"auto, (max-width: 225px) 100vw, 225px\" \/> <\/a><a href=\"https:\/\/zeit-fuer-stein.de\/wp-content\/uploads\/2025\/05\/T1401-2_300X1200_OUT_001-HR-P01_1080x1080.jpg\"><img loading=\"lazy\" decoding=\"async\" class=\"alignnone size-medium wp-image-570\" src=\"https:\/\/zeit-fuer-stein.de\/wp-content\/uploads\/2025\/05\/T1401-2_300X1200_OUT_001-HR-P01_1080x1080-200x300.jpg\" alt=\"\" width=\"200\" height=\"300\" srcset=\"https:\/\/zeit-fuer-stein.de\/wp-content\/uploads\/2025\/05\/T1401-2_300X1200_OUT_001-HR-P01_1080x1080-200x300.jpg 200w, https:\/\/zeit-fuer-stein.de\/wp-content\/uploads\/2025\/05\/T1401-2_300X1200_OUT_001-HR-P01_1080x1080-684x1024.jpg 684w, https:\/\/zeit-fuer-stein.de\/wp-content\/uploads\/2025\/05\/T1401-2_300X1200_OUT_001-HR-P01_1080x1080.jpg 721w\" sizes=\"auto, (max-width: 200px) 100vw, 200px\" \/> <\/a><a href=\"https:\/\/zeit-fuer-stein.de\/wp-content\/uploads\/2025\/05\/T1425-3_60X60_OUT_001-HR_1080x1080.jpg\"><img loading=\"lazy\" decoding=\"async\" class=\"alignnone size-medium wp-image-571\" src=\"https:\/\/zeit-fuer-stein.de\/wp-content\/uploads\/2025\/05\/T1425-3_60X60_OUT_001-HR_1080x1080-233x300.jpg\" alt=\"\" width=\"233\" height=\"300\" srcset=\"https:\/\/zeit-fuer-stein.de\/wp-content\/uploads\/2025\/05\/T1425-3_60X60_OUT_001-HR_1080x1080-233x300.jpg 233w, https:\/\/zeit-fuer-stein.de\/wp-content\/uploads\/2025\/05\/T1425-3_60X60_OUT_001-HR_1080x1080-796x1024.jpg 796w, https:\/\/zeit-fuer-stein.de\/wp-content\/uploads\/2025\/05\/T1425-3_60X60_OUT_001-HR_1080x1080.jpg 840w\" sizes=\"auto, (max-width: 233px) 100vw, 233px\" \/>\u00a0<\/a><\/p>\n<p><a href=\"https:\/\/zeit-fuer-stein.de\/wp-content\/uploads\/2025\/05\/T1818-1_60X60_OUT_001-HR_1080x1080.jpg\"><img loading=\"lazy\" decoding=\"async\" class=\"alignnone size-medium wp-image-572\" src=\"https:\/\/zeit-fuer-stein.de\/wp-content\/uploads\/2025\/05\/T1818-1_60X60_OUT_001-HR_1080x1080-227x300.jpg\" alt=\"\" width=\"227\" height=\"300\" srcset=\"https:\/\/zeit-fuer-stein.de\/wp-content\/uploads\/2025\/05\/T1818-1_60X60_OUT_001-HR_1080x1080-227x300.jpg 227w, https:\/\/zeit-fuer-stein.de\/wp-content\/uploads\/2025\/05\/T1818-1_60X60_OUT_001-HR_1080x1080-774x1024.jpg 774w, https:\/\/zeit-fuer-stein.de\/wp-content\/uploads\/2025\/05\/T1818-1_60X60_OUT_001-HR_1080x1080.jpg 816w\" sizes=\"auto, (max-width: 227px) 100vw, 227px\" \/> <\/a><a href=\"https:\/\/zeit-fuer-stein.de\/wp-content\/uploads\/2025\/05\/T1016-4_30X120_OUT_001-HR_1080x1080.jpg\"><img loading=\"lazy\" decoding=\"async\" class=\"alignnone size-medium wp-image-573\" src=\"https:\/\/zeit-fuer-stein.de\/wp-content\/uploads\/2025\/05\/T1016-4_30X120_OUT_001-HR_1080x1080-300x212.jpg\" alt=\"\" width=\"300\" height=\"212\" srcset=\"https:\/\/zeit-fuer-stein.de\/wp-content\/uploads\/2025\/05\/T1016-4_30X120_OUT_001-HR_1080x1080-300x212.jpg 300w, https:\/\/zeit-fuer-stein.de\/wp-content\/uploads\/2025\/05\/T1016-4_30X120_OUT_001-HR_1080x1080-1024x724.jpg 1024w, https:\/\/zeit-fuer-stein.de\/wp-content\/uploads\/2025\/05\/T1016-4_30X120_OUT_001-HR_1080x1080.jpg 1080w\" sizes=\"auto, (max-width: 300px) 100vw, 300px\" \/> <\/a><a href=\"https:\/\/zeit-fuer-stein.de\/wp-content\/uploads\/2025\/05\/T1304-1_30X45_OUT_002-HR_1080x1080.jpg\"><img loading=\"lazy\" decoding=\"async\" class=\"alignnone size-medium wp-image-574\" src=\"https:\/\/zeit-fuer-stein.de\/wp-content\/uploads\/2025\/05\/T1304-1_30X45_OUT_002-HR_1080x1080-300x212.jpg\" alt=\"\" width=\"300\" height=\"212\" srcset=\"https:\/\/zeit-fuer-stein.de\/wp-content\/uploads\/2025\/05\/T1304-1_30X45_OUT_002-HR_1080x1080-300x212.jpg 300w, https:\/\/zeit-fuer-stein.de\/wp-content\/uploads\/2025\/05\/T1304-1_30X45_OUT_002-HR_1080x1080-1024x724.jpg 1024w, https:\/\/zeit-fuer-stein.de\/wp-content\/uploads\/2025\/05\/T1304-1_30X45_OUT_002-HR_1080x1080.jpg 1080w\" sizes=\"auto, (max-width: 300px) 100vw, 300px\" \/> <\/a><a href=\"https:\/\/zeit-fuer-stein.de\/wp-content\/uploads\/2025\/05\/T1718-2_30X60_OUT_001-HR_1080x1080.jpg\"><img loading=\"lazy\" decoding=\"async\" class=\"alignnone size-medium wp-image-575\" src=\"https:\/\/zeit-fuer-stein.de\/wp-content\/uploads\/2025\/05\/T1718-2_30X60_OUT_001-HR_1080x1080-300x212.jpg\" alt=\"\" width=\"300\" height=\"212\" srcset=\"https:\/\/zeit-fuer-stein.de\/wp-content\/uploads\/2025\/05\/T1718-2_30X60_OUT_001-HR_1080x1080-300x212.jpg 300w, https:\/\/zeit-fuer-stein.de\/wp-content\/uploads\/2025\/05\/T1718-2_30X60_OUT_001-HR_1080x1080-1024x724.jpg 1024w, https:\/\/zeit-fuer-stein.de\/wp-content\/uploads\/2025\/05\/T1718-2_30X60_OUT_001-HR_1080x1080.jpg 1080w\" sizes=\"auto, (max-width: 300px) 100vw, 300px\" \/> <\/a><a href=\"https:\/\/zeit-fuer-stein.de\/wp-content\/uploads\/2025\/05\/T1320-3_60X60_T1320-1_OU05_SPA_001-HR_1080x1080.jpg\"><img loading=\"lazy\" decoding=\"async\" class=\"alignnone size-medium wp-image-576\" src=\"https:\/\/zeit-fuer-stein.de\/wp-content\/uploads\/2025\/05\/T1320-3_60X60_T1320-1_OU05_SPA_001-HR_1080x1080-300x193.jpg\" alt=\"\" width=\"300\" height=\"193\" srcset=\"https:\/\/zeit-fuer-stein.de\/wp-content\/uploads\/2025\/05\/T1320-3_60X60_T1320-1_OU05_SPA_001-HR_1080x1080-300x193.jpg 300w, https:\/\/zeit-fuer-stein.de\/wp-content\/uploads\/2025\/05\/T1320-3_60X60_T1320-1_OU05_SPA_001-HR_1080x1080-1024x658.jpg 1024w, https:\/\/zeit-fuer-stein.de\/wp-content\/uploads\/2025\/05\/T1320-3_60X60_T1320-1_OU05_SPA_001-HR_1080x1080.jpg 1080w\" sizes=\"auto, (max-width: 300px) 100vw, 300px\" \/> <\/a><a href=\"https:\/\/zeit-fuer-stein.de\/wp-content\/uploads\/2025\/05\/T1718-3_MODULARE_OUT_001-HR_1080x1080.jpg\"><img loading=\"lazy\" decoding=\"async\" class=\"alignnone size-medium wp-image-577\" src=\"https:\/\/zeit-fuer-stein.de\/wp-content\/uploads\/2025\/05\/T1718-3_MODULARE_OUT_001-HR_1080x1080-300x193.jpg\" alt=\"\" width=\"300\" height=\"193\" srcset=\"https:\/\/zeit-fuer-stein.de\/wp-content\/uploads\/2025\/05\/T1718-3_MODULARE_OUT_001-HR_1080x1080-300x193.jpg 300w, https:\/\/zeit-fuer-stein.de\/wp-content\/uploads\/2025\/05\/T1718-3_MODULARE_OUT_001-HR_1080x1080-1024x658.jpg 1024w, https:\/\/zeit-fuer-stein.de\/wp-content\/uploads\/2025\/05\/T1718-3_MODULARE_OUT_001-HR_1080x1080.jpg 1080w\" sizes=\"auto, (max-width: 300px) 100vw, 300px\" \/> <\/a><a href=\"https:\/\/zeit-fuer-stein.de\/wp-content\/uploads\/2025\/05\/T1818-2_80X80_OUT_001-HR_1080x1080.jpg\"><img loading=\"lazy\" decoding=\"async\" class=\"alignnone size-medium wp-image-578\" src=\"https:\/\/zeit-fuer-stein.de\/wp-content\/uploads\/2025\/05\/T1818-2_80X80_OUT_001-HR_1080x1080-300x204.jpg\" alt=\"\" width=\"300\" height=\"204\" srcset=\"https:\/\/zeit-fuer-stein.de\/wp-content\/uploads\/2025\/05\/T1818-2_80X80_OUT_001-HR_1080x1080-300x204.jpg 300w, https:\/\/zeit-fuer-stein.de\/wp-content\/uploads\/2025\/05\/T1818-2_80X80_OUT_001-HR_1080x1080-1024x698.jpg 1024w, https:\/\/zeit-fuer-stein.de\/wp-content\/uploads\/2025\/05\/T1818-2_80X80_OUT_001-HR_1080x1080.jpg 1080w\" sizes=\"auto, (max-width: 300px) 100vw, 300px\" \/> <\/a><a href=\"https:\/\/zeit-fuer-stein.de\/wp-content\/uploads\/2025\/05\/T2307-8_120X278_T0703-6_SPA_001-HR_1080x1080.jpg\"><img loading=\"lazy\" decoding=\"async\" class=\"alignnone size-medium wp-image-579\" src=\"https:\/\/zeit-fuer-stein.de\/wp-content\/uploads\/2025\/05\/T2307-8_120X278_T0703-6_SPA_001-HR_1080x1080-300x193.jpg\" alt=\"\" width=\"300\" height=\"193\" srcset=\"https:\/\/zeit-fuer-stein.de\/wp-content\/uploads\/2025\/05\/T2307-8_120X278_T0703-6_SPA_001-HR_1080x1080-300x193.jpg 300w, https:\/\/zeit-fuer-stein.de\/wp-content\/uploads\/2025\/05\/T2307-8_120X278_T0703-6_SPA_001-HR_1080x1080-1024x658.jpg 1024w, https:\/\/zeit-fuer-stein.de\/wp-content\/uploads\/2025\/05\/T2307-8_120X278_T0703-6_SPA_001-HR_1080x1080.jpg 1080w\" sizes=\"auto, (max-width: 300px) 100vw, 300px\" \/> <\/a><a href=\"https:\/\/zeit-fuer-stein.de\/wp-content\/uploads\/2025\/05\/T1718-1_POOL_SLF_001-HR_1080x1080.jpg\"><img loading=\"lazy\" decoding=\"async\" class=\"alignnone size-medium wp-image-580\" src=\"https:\/\/zeit-fuer-stein.de\/wp-content\/uploads\/2025\/05\/T1718-1_POOL_SLF_001-HR_1080x1080-300x201.jpg\" alt=\"\" width=\"300\" height=\"201\" srcset=\"https:\/\/zeit-fuer-stein.de\/wp-content\/uploads\/2025\/05\/T1718-1_POOL_SLF_001-HR_1080x1080-300x201.jpg 300w, https:\/\/zeit-fuer-stein.de\/wp-content\/uploads\/2025\/05\/T1718-1_POOL_SLF_001-HR_1080x1080-1024x686.jpg 1024w, https:\/\/zeit-fuer-stein.de\/wp-content\/uploads\/2025\/05\/T1718-1_POOL_SLF_001-HR_1080x1080.jpg 1080w\" sizes=\"auto, (max-width: 300px) 100vw, 300px\" \/> <\/a><a href=\"https:\/\/zeit-fuer-stein.de\/wp-content\/uploads\/2025\/05\/CHA_TAUPE_SLF_001-HR_1080x1080.jpg\"><img loading=\"lazy\" decoding=\"async\" class=\"alignnone size-medium wp-image-581\" src=\"https:\/\/zeit-fuer-stein.de\/wp-content\/uploads\/2025\/05\/CHA_TAUPE_SLF_001-HR_1080x1080-300x200.jpg\" alt=\"\" width=\"300\" height=\"200\" srcset=\"https:\/\/zeit-fuer-stein.de\/wp-content\/uploads\/2025\/05\/CHA_TAUPE_SLF_001-HR_1080x1080-300x200.jpg 300w, https:\/\/zeit-fuer-stein.de\/wp-content\/uploads\/2025\/05\/CHA_TAUPE_SLF_001-HR_1080x1080-1024x684.jpg 1024w, https:\/\/zeit-fuer-stein.de\/wp-content\/uploads\/2025\/05\/CHA_TAUPE_SLF_001-HR_1080x1080.jpg 1080w\" sizes=\"auto, (max-width: 300px) 100vw, 300px\" \/> <\/a><a href=\"https:\/\/zeit-fuer-stein.de\/wp-content\/uploads\/2025\/05\/T1815-3_80X80_OUT_001-HR_1080x1080.jpg\"><img loading=\"lazy\" decoding=\"async\" class=\"alignnone size-medium wp-image-582\" src=\"https:\/\/zeit-fuer-stein.de\/wp-content\/uploads\/2025\/05\/T1815-3_80X80_OUT_001-HR_1080x1080-300x193.jpg\" alt=\"\" width=\"300\" height=\"193\" srcset=\"https:\/\/zeit-fuer-stein.de\/wp-content\/uploads\/2025\/05\/T1815-3_80X80_OUT_001-HR_1080x1080-300x193.jpg 300w, https:\/\/zeit-fuer-stein.de\/wp-content\/uploads\/2025\/05\/T1815-3_80X80_OUT_001-HR_1080x1080-1024x658.jpg 1024w, https:\/\/zeit-fuer-stein.de\/wp-content\/uploads\/2025\/05\/T1815-3_80X80_OUT_001-HR_1080x1080.jpg 1080w\" sizes=\"auto, (max-width: 300px) 100vw, 300px\" \/><\/a><\/p>\n","protected":false},"excerpt":{"rendered":"<p>Robuste Eleganz f\u00fcr drau\u00dfen &#8211; Fliesen f\u00fcr Terassen, Pools und mehr. \u00a0 \u00a0<\/p>\n","protected":false},"author":1,"featured_media":0,"parent":34,"menu_order":0,"comment_status":"closed","ping_status":"closed","template":"","meta":{"inspiro_hide_title":false,"footnotes":""},"class_list":["post-51","page","type-page","status-publish","hentry"],"_links":{"self":[{"href":"https:\/\/zeit-fuer-stein.de\/index.php\/wp-json\/wp\/v2\/pages\/51","targetHints":{"allow":["GET"]}}],"collection":[{"href":"https:\/\/zeit-fuer-stein.de\/index.php\/wp-json\/wp\/v2\/pages"}],"about":[{"href":"https:\/\/zeit-fuer-stein.de\/index.php\/wp-json\/wp\/v2\/types\/page"}],"author":[{"embeddable":true,"href":"https:\/\/zeit-fuer-stein.de\/index.php\/wp-json\/wp\/v2\/users\/1"}],"replies":[{"embeddable":true,"href":"https:\/\/zeit-fuer-stein.de\/index.php\/wp-json\/wp\/v2\/comments?post=51"}],"version-history":[{"count":5,"href":"https:\/\/zeit-fuer-stein.de\/index.php\/wp-json\/wp\/v2\/pages\/51\/revisions"}],"predecessor-version":[{"id":617,"href":"https:\/\/zeit-fuer-stein.de\/index.php\/wp-json\/wp\/v2\/pages\/51\/revisions\/617"}],"up":[{"embeddable":true,"href":"https:\/\/zeit-fuer-stein.de\/index.php\/wp-json\/wp\/v2\/pages\/34"}],"wp:attachment":[{"href":"https:\/\/zeit-fuer-stein.de\/index.php\/wp-json\/wp\/v2\/media?parent=51"}],"curies":[{"name":"wp","href":"https:\/\/api.w.org\/{rel}","templated":true}]}}