{"id":34,"date":"2023-05-16T16:59:47","date_gmt":"2023-05-16T14:59:47","guid":{"rendered":"https:\/\/schmusekadser.de\/?page_id=34"},"modified":"2025-05-05T18:30:01","modified_gmt":"2025-05-05T18:30:01","slug":"unsere-projekte","status":"publish","type":"page","link":"https:\/\/zeit-fuer-stein.de\/index.php\/unsere-projekte\/","title":{"rendered":"Projekte"},"content":{"rendered":"<p style=\"text-align: left;\">In unserer Ausstellung, B\u00f6blinger Stra\u00dfe 376, finden Sie auf einer Fl\u00e4che von 400 m\u00b2 sehr viele interessante Feinsteinzeugfliesen, Oberfl\u00e4chenstrukturen und Formate, in Verbindung mit den M\u00f6glichkeiten der Farbgestaltung und Verlegebeispielen im Originalformat 1:1.<\/p>\n<p>&nbsp;<\/p>\n<p><a href=\"https:\/\/zeit-fuer-stein.de\/wp-content\/uploads\/2025\/02\/NYUMA_NY01_OU05_SLF_001-HR_1080x1080.jpg\"><img loading=\"lazy\" decoding=\"async\" class=\"alignnone wp-image-361 size-medium\" src=\"https:\/\/zeit-fuer-stein.de\/wp-content\/uploads\/2025\/02\/NYUMA_NY01_OU05_SLF_001-HR_1080x1080-233x300.jpg\" alt=\"\" width=\"233\" height=\"300\" srcset=\"https:\/\/zeit-fuer-stein.de\/wp-content\/uploads\/2025\/02\/NYUMA_NY01_OU05_SLF_001-HR_1080x1080-233x300.jpg 233w, https:\/\/zeit-fuer-stein.de\/wp-content\/uploads\/2025\/02\/NYUMA_NY01_OU05_SLF_001-HR_1080x1080-796x1024.jpg 796w, https:\/\/zeit-fuer-stein.de\/wp-content\/uploads\/2025\/02\/NYUMA_NY01_OU05_SLF_001-HR_1080x1080.jpg 840w\" sizes=\"auto, (max-width: 233px) 100vw, 233px\" \/><\/a> \u00a0 \u00a0 <a href=\"https:\/\/zeit-fuer-stein.de\/wp-content\/uploads\/2025\/02\/NYUMA_NY01_NY02_NY03_NY04_NY05_NY06_SLF_001-HR_1080x1080.jpg\"><img loading=\"lazy\" decoding=\"async\" class=\"alignnone wp-image-360 size-medium\" src=\"https:\/\/zeit-fuer-stein.de\/wp-content\/uploads\/2025\/02\/NYUMA_NY01_NY02_NY03_NY04_NY05_NY06_SLF_001-HR_1080x1080-230x300.jpg\" alt=\"\" width=\"230\" height=\"300\" srcset=\"https:\/\/zeit-fuer-stein.de\/wp-content\/uploads\/2025\/02\/NYUMA_NY01_NY02_NY03_NY04_NY05_NY06_SLF_001-HR_1080x1080-230x300.jpg 230w, https:\/\/zeit-fuer-stein.de\/wp-content\/uploads\/2025\/02\/NYUMA_NY01_NY02_NY03_NY04_NY05_NY06_SLF_001-HR_1080x1080-786x1024.jpg 786w, https:\/\/zeit-fuer-stein.de\/wp-content\/uploads\/2025\/02\/NYUMA_NY01_NY02_NY03_NY04_NY05_NY06_SLF_001-HR_1080x1080.jpg 829w\" sizes=\"auto, (max-width: 230px) 100vw, 230px\" \/><\/a> \u00a0 \u00a0 <a href=\"https:\/\/zeit-fuer-stein.de\/wp-content\/uploads\/2025\/02\/NYUMA_NY02_RF02_SLF_001-HR_1080x1080.jpg\"><img loading=\"lazy\" decoding=\"async\" class=\"alignnone wp-image-362 size-medium\" src=\"https:\/\/zeit-fuer-stein.de\/wp-content\/uploads\/2025\/02\/NYUMA_NY02_RF02_SLF_001-HR_1080x1080-233x300.jpg\" alt=\"\" width=\"233\" height=\"300\" srcset=\"https:\/\/zeit-fuer-stein.de\/wp-content\/uploads\/2025\/02\/NYUMA_NY02_RF02_SLF_001-HR_1080x1080-233x300.jpg 233w, https:\/\/zeit-fuer-stein.de\/wp-content\/uploads\/2025\/02\/NYUMA_NY02_RF02_SLF_001-HR_1080x1080-796x1024.jpg 796w, https:\/\/zeit-fuer-stein.de\/wp-content\/uploads\/2025\/02\/NYUMA_NY02_RF02_SLF_001-HR_1080x1080.jpg 840w\" sizes=\"auto, (max-width: 233px) 100vw, 233px\" \/><\/a> \u00a0\u00a0\u00a0 <a href=\"https:\/\/zeit-fuer-stein.de\/wp-content\/uploads\/2025\/02\/VICEVERSA_VV06_SLF_001-HR_1080x1080.jpg\"><img loading=\"lazy\" decoding=\"async\" class=\"alignnone wp-image-365 size-medium\" src=\"https:\/\/zeit-fuer-stein.de\/wp-content\/uploads\/2025\/02\/VICEVERSA_VV06_SLF_001-HR_1080x1080-233x300.jpg\" alt=\"\" width=\"233\" height=\"300\" srcset=\"https:\/\/zeit-fuer-stein.de\/wp-content\/uploads\/2025\/02\/VICEVERSA_VV06_SLF_001-HR_1080x1080-233x300.jpg 233w, https:\/\/zeit-fuer-stein.de\/wp-content\/uploads\/2025\/02\/VICEVERSA_VV06_SLF_001-HR_1080x1080-796x1024.jpg 796w, https:\/\/zeit-fuer-stein.de\/wp-content\/uploads\/2025\/02\/VICEVERSA_VV06_SLF_001-HR_1080x1080.jpg 840w\" sizes=\"auto, (max-width: 233px) 100vw, 233px\" \/><\/a><\/p>\n<p>&nbsp;<\/p>\n","protected":false},"excerpt":{"rendered":"<p>In unserer Ausstellung, B\u00f6blinger Stra\u00dfe 376, finden Sie auf einer Fl\u00e4che von 400 m\u00b2 sehr viele interessante Feinsteinzeugfliesen, Oberfl\u00e4chenstrukturen und Formate, in Verbindung mit den M\u00f6glichkeiten der Farbgestaltung und Verlegebeispielen im Originalformat 1:1. &nbsp; \u00a0 \u00a0 \u00a0 \u00a0 \u00a0\u00a0\u00a0 &nbsp;<\/p>\n","protected":false},"author":1,"featured_media":0,"parent":0,"menu_order":5,"comment_status":"closed","ping_status":"closed","template":"","meta":{"inspiro_hide_title":false,"footnotes":""},"class_list":["post-34","page","type-page","status-publish","hentry"],"_links":{"self":[{"href":"https:\/\/zeit-fuer-stein.de\/index.php\/wp-json\/wp\/v2\/pages\/34","targetHints":{"allow":["GET"]}}],"collection":[{"href":"https:\/\/zeit-fuer-stein.de\/index.php\/wp-json\/wp\/v2\/pages"}],"about":[{"href":"https:\/\/zeit-fuer-stein.de\/index.php\/wp-json\/wp\/v2\/types\/page"}],"author":[{"embeddable":true,"href":"https:\/\/zeit-fuer-stein.de\/index.php\/wp-json\/wp\/v2\/users\/1"}],"replies":[{"embeddable":true,"href":"https:\/\/zeit-fuer-stein.de\/index.php\/wp-json\/wp\/v2\/comments?post=34"}],"version-history":[{"count":2,"href":"https:\/\/zeit-fuer-stein.de\/index.php\/wp-json\/wp\/v2\/pages\/34\/revisions"}],"predecessor-version":[{"id":510,"href":"https:\/\/zeit-fuer-stein.de\/index.php\/wp-json\/wp\/v2\/pages\/34\/revisions\/510"}],"wp:attachment":[{"href":"https:\/\/zeit-fuer-stein.de\/index.php\/wp-json\/wp\/v2\/media?parent=34"}],"curies":[{"name":"wp","href":"https:\/\/api.w.org\/{rel}","templated":true}]}}